{"id":9448,"date":"2025-02-12T08:22:11","date_gmt":"2025-02-12T08:22:11","guid":{"rendered":"https:\/\/lashlink.de\/product\/henna-fuer-die-augenbrauenfaerbung-oko-power-powder-04-black-10-g\/"},"modified":"2025-02-12T08:22:11","modified_gmt":"2025-02-12T08:22:11","slug":"henna-fuer-die-augenbrauenfaerbung-oko-power-powder-04-black-10-g","status":"publish","type":"product","link":"https:\/\/lashlink.de\/ru\/\u0442\u043e\u0432\u0430\u0440\/henna-fuer-die-augenbrauenfaerbung-oko-power-powder-04-black-10-g\/","title":{"rendered":"Henna f\u00fcr die Augenbrauenf\u00e4rbung \u2013 OKO Power Powder 04 Black, 10 g"},"content":{"rendered":"<h3 data-start=\"88\" data-end=\"149\"><strong data-start=\"92\" data-end=\"147\">Henna f\u00fcr die Augenbrauenf\u00e4rbung \u2013 OKO Power Powder<\/strong><\/h3>\n<p data-start=\"151\" data-end=\"490\"><strong data-start=\"151\" data-end=\"164\">OKO Henna<\/strong><span>\u00a0<\/span>wurde speziell f\u00fcr eine<span>\u00a0<\/span><strong data-start=\"189\" data-end=\"242\">dichte und langanhaltende F\u00e4rbung der Augenbrauen<\/strong><span>\u00a0<\/span>entwickelt.<br data-start=\"254\" data-end=\"257\" \/>Die feine Textur l\u00f6st sich<span>\u00a0<\/span><strong data-start=\"284\" data-end=\"299\">schnell auf<\/strong><span>\u00a0<\/span>und erm\u00f6glicht eine<span>\u00a0<\/span><strong data-start=\"320\" data-end=\"342\">einfache Anwendung<\/strong><span>\u00a0<\/span>dank ihrer<span>\u00a0<\/span><strong data-start=\"354\" data-end=\"379\">gelartigen Konsistenz<\/strong>.<br data-start=\"380\" data-end=\"383\" \/>Die Formel enth\u00e4lt<span>\u00a0<\/span><strong data-start=\"402\" data-end=\"429\">pflegende Inhaltsstoffe<\/strong>, die eine sanfte F\u00e4rbung der Haut und Haare gew\u00e4hrleisten.<\/p>\n<p data-start=\"492\" data-end=\"525\">\ud83d\udd51<span>\u00a0<\/span><strong data-start=\"495\" data-end=\"523\">Haltbarkeit der F\u00e4rbung:<\/strong><\/p>\n<ul data-start=\"526\" data-end=\"636\">\n<li data-start=\"526\" data-end=\"561\"><strong data-start=\"528\" data-end=\"559\">Bis zu 14 Tage auf der Haut<\/strong><\/li>\n<li data-start=\"562\" data-end=\"636\"><strong data-start=\"564\" data-end=\"600\">Bis zu 1,5 Monate auf den Haaren<\/strong><span>\u00a0<\/span>(abh\u00e4ngig vom Hauttyp des Kunden)<\/li>\n<\/ul>\n<p data-start=\"638\" data-end=\"980\">\u2714<span>\u00a0<\/span><strong data-start=\"640\" data-end=\"691\">Schnelll\u00f6sliche Formel f\u00fcr effiziente Anwendung<\/strong><br data-start=\"691\" data-end=\"694\" \/>\u2714<span>\u00a0<\/span><strong data-start=\"696\" data-end=\"744\">Gelartige Konsistenz f\u00fcr m\u00fcheloses Auftragen<\/strong><br data-start=\"744\" data-end=\"747\" \/>\u2714<span>\u00a0<\/span><strong data-start=\"749\" data-end=\"808\">7 speziell entwickelte Farbt\u00f6ne f\u00fcr perfekte Ergebnisse<\/strong><br data-start=\"808\" data-end=\"811\" \/>\u2714<span>\u00a0<\/span><strong data-start=\"813\" data-end=\"907\">Hergestellt mit hochreinen Inhaltsstoffen in einer weltweit renommierten Produktionsst\u00e4tte<\/strong><br data-start=\"907\" data-end=\"910\" \/>\u2714<span>\u00a0<\/span><strong data-start=\"912\" data-end=\"978\">CPNP-zertifiziert &amp; entspricht europ\u00e4ischen Qualit\u00e4tsstandards<\/strong><\/p>\n<h3 data-start=\"982\" data-end=\"1014\"><strong data-start=\"986\" data-end=\"1012\">OKO Henna Farbpalette:<\/strong><\/h3>\n<ul data-start=\"1015\" data-end=\"1223\">\n<li data-start=\"1015\" data-end=\"1049\"><strong data-start=\"1017\" data-end=\"1035\">01 Light Brown<\/strong><span>\u00a0<\/span>(Hellbraun)<\/li>\n<li data-start=\"1050\" data-end=\"1074\"><strong data-start=\"1052\" data-end=\"1064\">02 Brown<\/strong><span>\u00a0<\/span>(Braun)<\/li>\n<li data-start=\"1075\" data-end=\"1110\"><strong data-start=\"1077\" data-end=\"1094\">03 Dark Brown<\/strong><span>\u00a0<\/span>(Dunkelbraun)<\/li>\n<li data-start=\"1111\" data-end=\"1137\"><strong data-start=\"1113\" data-end=\"1125\">04 Black<\/strong><span>\u00a0<\/span>(Schwarz)<\/li>\n<li data-start=\"1138\" data-end=\"1162\"><strong data-start=\"1140\" data-end=\"1153\">05 Yellow<\/strong><span>\u00a0<\/span>(Gelb)<\/li>\n<li data-start=\"1163\" data-end=\"1192\"><strong data-start=\"1165\" data-end=\"1180\">06 Red Wine<\/strong><span>\u00a0<\/span>(Rotwein)<\/li>\n<li data-start=\"1193\" data-end=\"1223\"><strong data-start=\"1195\" data-end=\"1209\">07 Natural<\/strong><span>\u00a0<\/span>(Nat\u00fcrlich)<\/li>\n<\/ul>\n<p data-start=\"1225\" data-end=\"1341\"><strong data-start=\"1227\" data-end=\"1274\">Nicht f\u00fcr das F\u00e4rben von Wimpern verwenden!<\/strong><br data-start=\"1274\" data-end=\"1277\" \/><strong data-start=\"1280\" data-end=\"1296\">Allergietest<\/strong><span>\u00a0<\/span>24\u201348 Stunden vor der Anwendung empfohlen.<\/p>\n<p data-start=\"1343\" data-end=\"1458\"><strong data-start=\"1343\" data-end=\"1356\">Lagerung:<\/strong><span>\u00a0<\/span>Haltbarkeit nach dem \u00d6ffnen entspricht dem auf der Verpackung angegebenen Mindesthaltbarkeitsdatum.<\/p>\n<p data-start=\"1460\" data-end=\"1506\"><strong data-start=\"1460\" data-end=\"1479\">Hergestellt in:<\/strong><span>\u00a0<\/span>Indien<br data-start=\"1486\" data-end=\"1489\" \/><strong data-start=\"1489\" data-end=\"1500\">Inhalt:<\/strong><span> 10<\/span>\u00a0g<\/p>\n<h3 data-start=\"82\" data-end=\"109\"><strong data-start=\"86\" data-end=\"107\">Henna-Farbpalette<\/strong><\/h3>\n<ul data-start=\"111\" data-end=\"1448\">\n<li data-start=\"111\" data-end=\"301\">\n<p data-start=\"113\" data-end=\"301\"><strong data-start=\"113\" data-end=\"131\">01 Light Brown<\/strong><span>\u00a0<\/span>\u2013<span>\u00a0<\/span><strong data-start=\"134\" data-end=\"157\">Hellbrauner Farbton<\/strong>, entwickelt f\u00fcr<span>\u00a0<\/span><strong data-start=\"174\" data-end=\"213\">warme Hauttypen und warme Blondt\u00f6ne<\/strong>.<br data-start=\"214\" data-end=\"217\" \/>\u2714<span>\u00a0<\/span><strong data-start=\"221\" data-end=\"273\">Hinterl\u00e4sst einen dezenten Abdruck auf der Haut.<\/strong><br data-start=\"273\" data-end=\"276\" \/><strong data-start=\"281\" data-end=\"295\">Ton-Tiefe:<\/strong><span>\u00a0<\/span>7\u20138<\/p>\n<\/li>\n<li data-start=\"303\" data-end=\"498\">\n<p data-start=\"305\" data-end=\"498\"><strong data-start=\"305\" data-end=\"317\">02 Brown<\/strong><span>\u00a0<\/span>\u2013<span>\u00a0<\/span><strong data-start=\"320\" data-end=\"351\">Lebendiger, satter Braunton<\/strong>. Warmes Braun mit einem<span>\u00a0<\/span><strong data-start=\"376\" data-end=\"408\">k\u00fchlen Unterton auf der Haut<\/strong>.<br data-start=\"409\" data-end=\"412\" \/>\u2714<span>\u00a0<\/span><strong data-start=\"416\" data-end=\"470\">Hinterl\u00e4sst einen intensiven Abdruck auf der Haut.<\/strong><\/p>\n<\/li>\n<li data-start=\"303\" data-end=\"498\">\n<p data-start=\"305\" data-end=\"498\"><strong data-start=\"478\" data-end=\"492\">Ton-Tiefe:<\/strong><span>\u00a0<\/span>7\u20136<\/p>\n<\/li>\n<li data-start=\"500\" data-end=\"683\">\n<p data-start=\"502\" data-end=\"683\"><strong data-start=\"502\" data-end=\"519\">03 Dark Brown<\/strong><span>\u00a0<\/span>\u2013<span>\u00a0<\/span><strong data-start=\"522\" data-end=\"550\">Reiches, neutrales Braun<\/strong>.<br data-start=\"551\" data-end=\"554\" \/>\u2714<span>\u00a0<\/span><strong data-start=\"558\" data-end=\"657\">Je nach Schichtdicke kann ein sehr dichter Hautabdruck und eine satte Haarfarbe erzielt werden.<\/strong><br data-start=\"657\" data-end=\"660\" \/><strong data-start=\"665\" data-end=\"679\">Ton-Tiefe:<\/strong><span>\u00a0<\/span>6<\/p>\n<\/li>\n<li data-start=\"685\" data-end=\"859\">\n<p data-start=\"687\" data-end=\"859\"><strong data-start=\"687\" data-end=\"699\">04 Black<\/strong><span>\u00a0<\/span>\u2013<span>\u00a0<\/span><strong data-start=\"702\" data-end=\"715\">Korrektor<\/strong>.<span>\u00a0<\/span><strong data-start=\"717\" data-end=\"747\">Tiefes, intensives Schwarz<\/strong>.<br data-start=\"748\" data-end=\"751\" \/>\u2714<span>\u00a0<\/span><strong data-start=\"755\" data-end=\"831\">Ideal f\u00fcr Mischungen, um Farbt\u00f6ne abzuk\u00fchlen und mehr Tiefe zu erzeugen.<\/strong><br data-start=\"831\" data-end=\"834\" \/><strong data-start=\"839\" data-end=\"853\">Ton-Tiefe:<\/strong><span>\u00a0<\/span>3\u20134<\/p>\n<\/li>\n<li data-start=\"861\" data-end=\"1092\">\n<p data-start=\"863\" data-end=\"1092\"><strong data-start=\"863\" data-end=\"876\">05 Yellow<\/strong><span>\u00a0<\/span>\u2013<span>\u00a0<\/span><strong data-start=\"879\" data-end=\"892\">Korrektor<\/strong>.<span>\u00a0<\/span><strong data-start=\"894\" data-end=\"926\">Warmer, gelb-brauner Farbton<\/strong>.<br data-start=\"927\" data-end=\"930\" \/>\u2714<span>\u00a0<\/span><strong data-start=\"934\" data-end=\"991\">Zum Aufhellen anderer Farben in der Palette geeignet.<\/strong><br data-start=\"991\" data-end=\"994\" \/>\u2714<span>\u00a0<\/span><strong data-start=\"998\" data-end=\"1064\">Kann f\u00fcr warme Blondt\u00f6ne oder Rothaarige pur verwendet werden.<\/strong><br data-start=\"1064\" data-end=\"1067\" \/><strong data-start=\"1072\" data-end=\"1086\">Ton-Tiefe:<\/strong><span>\u00a0<\/span>8\u20139<\/p>\n<\/li>\n<li data-start=\"1094\" data-end=\"1256\">\n<p data-start=\"1096\" data-end=\"1256\"><strong data-start=\"1096\" data-end=\"1111\">06 Red Wine<\/strong><span>\u00a0<\/span>\u2013<span>\u00a0<\/span><strong data-start=\"1114\" data-end=\"1127\">Korrektor<\/strong>.<span>\u00a0<\/span><strong data-start=\"1129\" data-end=\"1172\">Sichtbarer, leuchtender Kupfer-Braunton<\/strong>.<br data-start=\"1173\" data-end=\"1176\" \/>\u2714<span>\u00a0<\/span><strong data-start=\"1180\" data-end=\"1230\">Ideal f\u00fcr Kundinnen mit kastanienbraunem Haar.<\/strong><br data-start=\"1230\" data-end=\"1233\" \/><strong data-start=\"1238\" data-end=\"1252\">Ton-Tiefe:<\/strong><span>\u00a0<\/span>7<\/p>\n<\/li>\n<li data-start=\"1258\" data-end=\"1448\">\n<p data-start=\"1260\" data-end=\"1448\"><strong data-start=\"1260\" data-end=\"1280\">07 Natural Brown<\/strong><span>\u00a0<\/span>\u2013<span>\u00a0<\/span><strong data-start=\"1283\" data-end=\"1343\">Universeller Farbton, neutral mit leicht k\u00fchlem Unterton<\/strong>.<br data-start=\"1344\" data-end=\"1347\" \/>\u2714<span>\u00a0<\/span><strong data-start=\"1351\" data-end=\"1420\">Hinterl\u00e4sst einen sanften Abdruck auf der Haut, nicht zu kr\u00e4ftig.<\/strong><br data-start=\"1420\" data-end=\"1423\" \/><strong data-start=\"1428\" data-end=\"1442\">Ton-Tiefe:<\/strong><span>\u00a0<\/span>6\u20137<\/p>\n<\/li>\n<\/ul>\n<h3 data-start=\"115\" data-end=\"134\"><strong data-start=\"119\" data-end=\"132\">Anwendung<\/strong><\/h3>\n<p data-start=\"136\" data-end=\"183\"><strong data-start=\"140\" data-end=\"181\">1 Vorbereitung der Haut und Augenbrauen<\/strong><\/p>\n<ul data-start=\"187\" data-end=\"412\">\n<li data-start=\"187\" data-end=\"213\">Entfernen Sie Make-up.<\/li>\n<li data-start=\"217\" data-end=\"323\">Reinigen und entfetten Sie Haut und H\u00e4rchen mit<span>\u00a0<\/span><strong data-start=\"267\" data-end=\"304\">OKO Eyebrow and Lash Shampoo-Foam<\/strong><span>\u00a0<\/span>vor der F\u00e4rbung.<\/li>\n<li data-start=\"327\" data-end=\"412\">Falls n\u00f6tig, gestalten Sie die Augenbrauenform mit<span>\u00a0<\/span><strong data-start=\"380\" data-end=\"409\">OKO Eyebrow Contour Paste<\/strong>.<\/li>\n<\/ul>\n<p data-start=\"414\" data-end=\"447\"><strong data-start=\"418\" data-end=\"445\">2 Mischen der Henna-Farbe<\/strong><\/p>\n<ul data-start=\"451\" data-end=\"809\">\n<li data-start=\"451\" data-end=\"549\"><strong data-start=\"453\" data-end=\"546\">OKO Henna mit destilliertem Wasser oder einer Mineralsalzl\u00f6sung im Verh\u00e4ltnis 1:3 mischen<\/strong>.<\/li>\n<li data-start=\"553\" data-end=\"637\"><strong data-start=\"555\" data-end=\"634\">Je nach gew\u00e4hlter F\u00e4rbetechnik kann ein Verh\u00e4ltnis von 1:5 verwendet werden<\/strong>.<\/li>\n<li data-start=\"641\" data-end=\"758\">Die Mischung gut verr\u00fchren, bis sie sich vollst\u00e4ndig aufgel\u00f6st hat und die Konsistenz von<span>\u00a0<\/span><strong data-start=\"733\" data-end=\"746\">Sojasauce<\/strong><span>\u00a0<\/span>erreicht.<\/li>\n<li data-start=\"762\" data-end=\"809\"><strong data-start=\"764\" data-end=\"807\">Ein nicht-metallisches Gef\u00e4\u00df verwenden!<\/strong><\/li>\n<\/ul>\n<p data-start=\"811\" data-end=\"846\"><strong data-start=\"815\" data-end=\"844\">3 Auftragen der Henna-Farbe<\/strong><\/p>\n<ul data-start=\"850\" data-end=\"1180\">\n<li data-start=\"850\" data-end=\"949\">Die vorbereitete Henna-Mischung mit einem Pinsel<span>\u00a0<\/span><strong data-start=\"901\" data-end=\"946\">gleichm\u00e4\u00dfig auf die Augenbrauen auftragen<\/strong>.<\/li>\n<li data-start=\"953\" data-end=\"1043\">F\u00fcr pr\u00e4zise und gleichm\u00e4\u00dfige Ergebnisse die Farbe<span>\u00a0<\/span><strong data-start=\"1005\" data-end=\"1040\">in mehreren Schichten auftragen<\/strong>.<\/li>\n<li data-start=\"1047\" data-end=\"1180\">Vor dem Auftragen einer neuen Schicht sicherstellen, dass die vorherige Schicht<span>\u00a0<\/span><strong data-start=\"1129\" data-end=\"1177\">vollst\u00e4ndig getrocknet ist (ca. 3\u20135 Minuten)<\/strong>.<\/li>\n<\/ul>\n<p data-start=\"1182\" data-end=\"1216\"><strong data-start=\"1186\" data-end=\"1214\">4 Einwirkzeit &amp; Entfernung<\/strong><\/p>\n<ul data-start=\"1220\" data-end=\"1383\">\n<li data-start=\"1220\" data-end=\"1307\"><strong data-start=\"1222\" data-end=\"1304\">Einwirkzeit: 10\u201315 Minuten oder bis die Henna-Farbe vollst\u00e4ndig getrocknet ist<\/strong>.<\/li>\n<li data-start=\"1311\" data-end=\"1383\">Entfernen Sie die Henna mit einem<span>\u00a0<\/span><strong data-start=\"1347\" data-end=\"1380\">in Wasser getr\u00e4nkten Wattepad<\/strong>.<\/li>\n<\/ul>\n","protected":false},"excerpt":{"rendered":"<p>Henna f\u00fcr die Augenbrauenf\u00e4rbung \u2013 OKO Power Powder OKO Henna\u00a0wurde speziell f\u00fcr eine\u00a0dichte und langanhaltende F\u00e4rbung der Augenbrauen\u00a0entwickelt.Die feine Textur l\u00f6st sich\u00a0schnell auf\u00a0und erm\u00f6glicht eine\u00a0einfache Anwendung\u00a0dank ihrer\u00a0gelartigen Konsistenz.Die Formel enth\u00e4lt\u00a0pflegende Inhaltsstoffe, die eine sanfte F\u00e4rbung der Haut und Haare gew\u00e4hrleisten. \ud83d\udd51\u00a0Haltbarkeit der F\u00e4rbung: Bis zu 14 Tage auf der Haut Bis zu 1,5 Monate auf&#8230;<\/p>\n","protected":false},"featured_media":9449,"comment_status":"open","ping_status":"closed","template":"","meta":{"_acf_changed":false},"product_brand":[422],"product_cat":[282,291],"product_tag":[],"class_list":{"0":"post-9448","1":"product","2":"type-product","3":"status-publish","4":"has-post-thumbnail","6":"product_brand-oko","7":"product_cat-282","8":"product_cat-291","10":"first","11":"instock","12":"taxable","13":"shipping-taxable","14":"purchasable","15":"product-type-simple"},"acf":[],"gallery_images":[9094,9093,9092],"yoast_head":"<!-- This site is optimized with the Yoast SEO Premium plugin v27.2 (Yoast SEO v27.4) - https:\/\/yoast.com\/product\/yoast-seo-premium-wordpress\/ -->\n<title>OkO - Henna f\u00fcr die Augenbrauenf\u00e4rbung \u2013 OKO Power Powder 04 Black, 10 g - Lashlink<\/title>\n<meta name=\"robots\" content=\"index, follow, max-snippet:-1, max-image-preview:large, max-video-preview:-1\" \/>\n<link rel=\"canonical\" href=\"https:\/\/lashlink.de\/ru\/\u0442\u043e\u0432\u0430\u0440\/henna-fuer-die-augenbrauenfaerbung-oko-power-powder-04-black-10-g\/\" \/>\n<meta property=\"og:locale\" content=\"ru_RU\" \/>\n<meta property=\"og:type\" content=\"article\" \/>\n<meta property=\"og:title\" content=\"Henna f\u00fcr die Augenbrauenf\u00e4rbung \u2013 OKO Power Powder 04 Black, 10 g\" \/>\n<meta property=\"og:description\" content=\"Henna f\u00fcr die Augenbrauenf\u00e4rbung \u2013 OKO Power Powder OKO Henna\u00a0wurde speziell f\u00fcr eine\u00a0dichte und langanhaltende F\u00e4rbung der Augenbrauen\u00a0entwickelt.Die feine Textur l\u00f6st sich\u00a0schnell auf\u00a0und erm\u00f6glicht eine\u00a0einfache Anwendung\u00a0dank ihrer\u00a0gelartigen Konsistenz.Die Formel enth\u00e4lt\u00a0pflegende Inhaltsstoffe, die eine sanfte F\u00e4rbung der Haut und Haare gew\u00e4hrleisten. \ud83d\udd51\u00a0Haltbarkeit der F\u00e4rbung: Bis zu 14 Tage auf der Haut Bis zu 1,5 Monate auf...\" \/>\n<meta property=\"og:url\" content=\"https:\/\/lashlink.de\/ru\/\u0442\u043e\u0432\u0430\u0440\/henna-fuer-die-augenbrauenfaerbung-oko-power-powder-04-black-10-g\/\" \/>\n<meta property=\"og:site_name\" content=\"Lashlink\" \/>\n<meta property=\"og:image\" content=\"https:\/\/lashlink.de\/wp-content\/uploads\/2025\/02\/26861600.webp\" \/>\n\t<meta property=\"og:image:width\" content=\"1200\" \/>\n\t<meta property=\"og:image:height\" content=\"1200\" \/>\n\t<meta property=\"og:image:type\" content=\"image\/webp\" \/>\n<meta name=\"twitter:card\" content=\"summary_large_image\" \/>\n<meta name=\"twitter:label1\" content=\"\u0426\u0435\u043d\u0430\" \/>\n\t<meta name=\"twitter:data1\" content=\"17,00&nbsp;&euro;\" \/>\n\t<meta name=\"twitter:label2\" content=\"\u0414\u043e\u0441\u0442\u0443\u043f\u043d\u043e\u0441\u0442\u044c\" \/>\n\t<meta name=\"twitter:data2\" content=\"\u0412 \u043d\u0430\u043b\u0438\u0447\u0438\u0438\" \/>\n<script type=\"application\/ld+json\" class=\"yoast-schema-graph\">{\"@context\":\"https:\\\/\\\/schema.org\",\"@graph\":[{\"@type\":\"WebPage\",\"@id\":\"https:\\\/\\\/lashlink.de\\\/ru\\\/\u0442\u043e\u0432\u0430\u0440\\\/henna-fuer-die-augenbrauenfaerbung-oko-power-powder-04-black-10-g\\\/\",\"url\":\"https:\\\/\\\/lashlink.de\\\/ru\\\/\u0442\u043e\u0432\u0430\u0440\\\/henna-fuer-die-augenbrauenfaerbung-oko-power-powder-04-black-10-g\\\/\",\"name\":\"OkO - Henna f\u00fcr die Augenbrauenf\u00e4rbung \u2013 OKO Power Powder 04 Black, 10 g - Lashlink\",\"isPartOf\":{\"@id\":\"https:\\\/\\\/lashlink.de\\\/ru\\\/#website\"},\"primaryImageOfPage\":{\"@id\":\"https:\\\/\\\/lashlink.de\\\/ru\\\/\u0442\u043e\u0432\u0430\u0440\\\/henna-fuer-die-augenbrauenfaerbung-oko-power-powder-04-black-10-g\\\/#primaryimage\"},\"image\":{\"@id\":\"https:\\\/\\\/lashlink.de\\\/ru\\\/\u0442\u043e\u0432\u0430\u0440\\\/henna-fuer-die-augenbrauenfaerbung-oko-power-powder-04-black-10-g\\\/#primaryimage\"},\"thumbnailUrl\":\"https:\\\/\\\/lashlink.de\\\/wp-content\\\/uploads\\\/2025\\\/02\\\/26861600.webp\",\"datePublished\":\"2025-02-12T08:22:11+00:00\",\"breadcrumb\":{\"@id\":\"https:\\\/\\\/lashlink.de\\\/ru\\\/\u0442\u043e\u0432\u0430\u0440\\\/henna-fuer-die-augenbrauenfaerbung-oko-power-powder-04-black-10-g\\\/#breadcrumb\"},\"inLanguage\":\"ru-RU\",\"potentialAction\":[{\"@type\":\"ReadAction\",\"target\":[\"https:\\\/\\\/lashlink.de\\\/ru\\\/\u0442\u043e\u0432\u0430\u0440\\\/henna-fuer-die-augenbrauenfaerbung-oko-power-powder-04-black-10-g\\\/\"]}]},{\"@type\":\"ImageObject\",\"inLanguage\":\"ru-RU\",\"@id\":\"https:\\\/\\\/lashlink.de\\\/ru\\\/\u0442\u043e\u0432\u0430\u0440\\\/henna-fuer-die-augenbrauenfaerbung-oko-power-powder-04-black-10-g\\\/#primaryimage\",\"url\":\"https:\\\/\\\/lashlink.de\\\/wp-content\\\/uploads\\\/2025\\\/02\\\/26861600.webp\",\"contentUrl\":\"https:\\\/\\\/lashlink.de\\\/wp-content\\\/uploads\\\/2025\\\/02\\\/26861600.webp\",\"width\":1200,\"height\":1200},{\"@type\":\"BreadcrumbList\",\"@id\":\"https:\\\/\\\/lashlink.de\\\/ru\\\/\u0442\u043e\u0432\u0430\u0440\\\/henna-fuer-die-augenbrauenfaerbung-oko-power-powder-04-black-10-g\\\/#breadcrumb\",\"itemListElement\":[{\"@type\":\"ListItem\",\"position\":1,\"name\":\"Home\",\"item\":\"https:\\\/\\\/lashlink.de\\\/ru\\\/\"},{\"@type\":\"ListItem\",\"position\":2,\"name\":\"Shop\",\"item\":\"https:\\\/\\\/lashlink.de\\\/shop-2\\\/\"},{\"@type\":\"ListItem\",\"position\":3,\"name\":\"Henna f\u00fcr die Augenbrauenf\u00e4rbung \u2013 OKO Power Powder 04 Black, 10 g\"}]},{\"@type\":\"WebSite\",\"@id\":\"https:\\\/\\\/lashlink.de\\\/ru\\\/#website\",\"url\":\"https:\\\/\\\/lashlink.de\\\/ru\\\/\",\"name\":\"Lashlink\",\"description\":\"\",\"publisher\":{\"@id\":\"https:\\\/\\\/lashlink.de\\\/ru\\\/#organization\"},\"potentialAction\":[{\"@type\":\"SearchAction\",\"target\":{\"@type\":\"EntryPoint\",\"urlTemplate\":\"https:\\\/\\\/lashlink.de\\\/ru\\\/?s={search_term_string}\"},\"query-input\":{\"@type\":\"PropertyValueSpecification\",\"valueRequired\":true,\"valueName\":\"search_term_string\"}}],\"inLanguage\":\"ru-RU\"},{\"@type\":\"Organization\",\"@id\":\"https:\\\/\\\/lashlink.de\\\/ru\\\/#organization\",\"name\":\"Lashlink\",\"url\":\"https:\\\/\\\/lashlink.de\\\/ru\\\/\",\"logo\":{\"@type\":\"ImageObject\",\"inLanguage\":\"ru-RU\",\"@id\":\"https:\\\/\\\/lashlink.de\\\/ru\\\/#\\\/schema\\\/logo\\\/image\\\/\",\"url\":\"https:\\\/\\\/lashlink.de\\\/wp-content\\\/uploads\\\/2024\\\/02\\\/logo.png\",\"contentUrl\":\"https:\\\/\\\/lashlink.de\\\/wp-content\\\/uploads\\\/2024\\\/02\\\/logo.png\",\"width\":884,\"height\":411,\"caption\":\"Lashlink\"},\"image\":{\"@id\":\"https:\\\/\\\/lashlink.de\\\/ru\\\/#\\\/schema\\\/logo\\\/image\\\/\"},\"hasMerchantReturnPolicy\":{\"@type\":\"MerchantReturnPolicy\",\"merchantReturnLink\":\"https:\\\/\\\/lashlink.de\\\/widerruf\\\/\"}}]}<\/script>\n<meta property=\"product:brand\" content=\"OkO\" \/>\n<meta property=\"product:price:amount\" content=\"17.00\" \/>\n<meta property=\"product:price:currency\" content=\"EUR\" \/>\n<meta property=\"og:availability\" content=\"instock\" \/>\n<meta property=\"product:availability\" content=\"instock\" \/>\n<meta property=\"product:retailer_item_id\" content=\"OKOhenna04\" \/>\n<meta property=\"product:condition\" content=\"new\" \/>\n<!-- \/ Yoast SEO Premium plugin. -->","yoast_head_json":{"title":"OkO - Henna f\u00fcr die Augenbrauenf\u00e4rbung \u2013 OKO Power Powder 04 Black, 10 g - Lashlink","robots":{"index":"index","follow":"follow","max-snippet":"max-snippet:-1","max-image-preview":"max-image-preview:large","max-video-preview":"max-video-preview:-1"},"canonical":"https:\/\/lashlink.de\/ru\/\u0442\u043e\u0432\u0430\u0440\/henna-fuer-die-augenbrauenfaerbung-oko-power-powder-04-black-10-g\/","og_locale":"ru_RU","og_type":"article","og_title":"Henna f\u00fcr die Augenbrauenf\u00e4rbung \u2013 OKO Power Powder 04 Black, 10 g","og_description":"Henna f\u00fcr die Augenbrauenf\u00e4rbung \u2013 OKO Power Powder OKO Henna\u00a0wurde speziell f\u00fcr eine\u00a0dichte und langanhaltende F\u00e4rbung der Augenbrauen\u00a0entwickelt.Die feine Textur l\u00f6st sich\u00a0schnell auf\u00a0und erm\u00f6glicht eine\u00a0einfache Anwendung\u00a0dank ihrer\u00a0gelartigen Konsistenz.Die Formel enth\u00e4lt\u00a0pflegende Inhaltsstoffe, die eine sanfte F\u00e4rbung der Haut und Haare gew\u00e4hrleisten. \ud83d\udd51\u00a0Haltbarkeit der F\u00e4rbung: Bis zu 14 Tage auf der Haut Bis zu 1,5 Monate auf...","og_url":"https:\/\/lashlink.de\/ru\/\u0442\u043e\u0432\u0430\u0440\/henna-fuer-die-augenbrauenfaerbung-oko-power-powder-04-black-10-g\/","og_site_name":"Lashlink","og_image":[{"width":1200,"height":1200,"url":"https:\/\/lashlink.de\/wp-content\/uploads\/2025\/02\/26861600.webp","type":"image\/webp"}],"twitter_card":"summary_large_image","twitter_misc":{"\u0426\u0435\u043d\u0430":"17,00&nbsp;&euro;","\u0414\u043e\u0441\u0442\u0443\u043f\u043d\u043e\u0441\u0442\u044c":"\u0412 \u043d\u0430\u043b\u0438\u0447\u0438\u0438"},"schema":{"@context":"https:\/\/schema.org","@graph":[{"@type":"WebPage","@id":"https:\/\/lashlink.de\/ru\/\u0442\u043e\u0432\u0430\u0440\/henna-fuer-die-augenbrauenfaerbung-oko-power-powder-04-black-10-g\/","url":"https:\/\/lashlink.de\/ru\/\u0442\u043e\u0432\u0430\u0440\/henna-fuer-die-augenbrauenfaerbung-oko-power-powder-04-black-10-g\/","name":"OkO - Henna f\u00fcr die Augenbrauenf\u00e4rbung \u2013 OKO Power Powder 04 Black, 10 g - Lashlink","isPartOf":{"@id":"https:\/\/lashlink.de\/ru\/#website"},"primaryImageOfPage":{"@id":"https:\/\/lashlink.de\/ru\/\u0442\u043e\u0432\u0430\u0440\/henna-fuer-die-augenbrauenfaerbung-oko-power-powder-04-black-10-g\/#primaryimage"},"image":{"@id":"https:\/\/lashlink.de\/ru\/\u0442\u043e\u0432\u0430\u0440\/henna-fuer-die-augenbrauenfaerbung-oko-power-powder-04-black-10-g\/#primaryimage"},"thumbnailUrl":"https:\/\/lashlink.de\/wp-content\/uploads\/2025\/02\/26861600.webp","datePublished":"2025-02-12T08:22:11+00:00","breadcrumb":{"@id":"https:\/\/lashlink.de\/ru\/\u0442\u043e\u0432\u0430\u0440\/henna-fuer-die-augenbrauenfaerbung-oko-power-powder-04-black-10-g\/#breadcrumb"},"inLanguage":"ru-RU","potentialAction":[{"@type":"ReadAction","target":["https:\/\/lashlink.de\/ru\/\u0442\u043e\u0432\u0430\u0440\/henna-fuer-die-augenbrauenfaerbung-oko-power-powder-04-black-10-g\/"]}]},{"@type":"ImageObject","inLanguage":"ru-RU","@id":"https:\/\/lashlink.de\/ru\/\u0442\u043e\u0432\u0430\u0440\/henna-fuer-die-augenbrauenfaerbung-oko-power-powder-04-black-10-g\/#primaryimage","url":"https:\/\/lashlink.de\/wp-content\/uploads\/2025\/02\/26861600.webp","contentUrl":"https:\/\/lashlink.de\/wp-content\/uploads\/2025\/02\/26861600.webp","width":1200,"height":1200},{"@type":"BreadcrumbList","@id":"https:\/\/lashlink.de\/ru\/\u0442\u043e\u0432\u0430\u0440\/henna-fuer-die-augenbrauenfaerbung-oko-power-powder-04-black-10-g\/#breadcrumb","itemListElement":[{"@type":"ListItem","position":1,"name":"Home","item":"https:\/\/lashlink.de\/ru\/"},{"@type":"ListItem","position":2,"name":"Shop","item":"https:\/\/lashlink.de\/shop-2\/"},{"@type":"ListItem","position":3,"name":"Henna f\u00fcr die Augenbrauenf\u00e4rbung \u2013 OKO Power Powder 04 Black, 10 g"}]},{"@type":"WebSite","@id":"https:\/\/lashlink.de\/ru\/#website","url":"https:\/\/lashlink.de\/ru\/","name":"Lashlink","description":"","publisher":{"@id":"https:\/\/lashlink.de\/ru\/#organization"},"potentialAction":[{"@type":"SearchAction","target":{"@type":"EntryPoint","urlTemplate":"https:\/\/lashlink.de\/ru\/?s={search_term_string}"},"query-input":{"@type":"PropertyValueSpecification","valueRequired":true,"valueName":"search_term_string"}}],"inLanguage":"ru-RU"},{"@type":"Organization","@id":"https:\/\/lashlink.de\/ru\/#organization","name":"Lashlink","url":"https:\/\/lashlink.de\/ru\/","logo":{"@type":"ImageObject","inLanguage":"ru-RU","@id":"https:\/\/lashlink.de\/ru\/#\/schema\/logo\/image\/","url":"https:\/\/lashlink.de\/wp-content\/uploads\/2024\/02\/logo.png","contentUrl":"https:\/\/lashlink.de\/wp-content\/uploads\/2024\/02\/logo.png","width":884,"height":411,"caption":"Lashlink"},"image":{"@id":"https:\/\/lashlink.de\/ru\/#\/schema\/logo\/image\/"},"hasMerchantReturnPolicy":{"@type":"MerchantReturnPolicy","merchantReturnLink":"https:\/\/lashlink.de\/widerruf\/"}}]},"product_brand":"OkO","product_price_amount":"17.00","product_price_currency":"EUR","og_availability":"instock","product_availability":"instock","product_retailer_item_id":"OKOhenna04","product_condition":"new"},"_links":{"self":[{"href":"https:\/\/lashlink.de\/ru\/wp-json\/wp\/v2\/product\/9448","targetHints":{"allow":["GET"]}}],"collection":[{"href":"https:\/\/lashlink.de\/ru\/wp-json\/wp\/v2\/product"}],"about":[{"href":"https:\/\/lashlink.de\/ru\/wp-json\/wp\/v2\/types\/product"}],"replies":[{"embeddable":true,"href":"https:\/\/lashlink.de\/ru\/wp-json\/wp\/v2\/comments?post=9448"}],"wp:featuredmedia":[{"embeddable":true,"href":"https:\/\/lashlink.de\/ru\/wp-json\/wp\/v2\/media\/9449"}],"wp:attachment":[{"href":"https:\/\/lashlink.de\/ru\/wp-json\/wp\/v2\/media?parent=9448"}],"wp:term":[{"taxonomy":"product_brand","embeddable":true,"href":"https:\/\/lashlink.de\/ru\/wp-json\/wp\/v2\/product_brand?post=9448"},{"taxonomy":"product_cat","embeddable":true,"href":"https:\/\/lashlink.de\/ru\/wp-json\/wp\/v2\/product_cat?post=9448"},{"taxonomy":"product_tag","embeddable":true,"href":"https:\/\/lashlink.de\/ru\/wp-json\/wp\/v2\/product_tag?post=9448"}],"curies":[{"name":"wp","href":"https:\/\/api.w.org\/{rel}","templated":true}]}}