{"id":5249,"date":"2020-01-20T15:42:22","date_gmt":"2020-01-20T15:42:22","guid":{"rendered":"https:\/\/lashlink.de\/zahlungsmethoden\/"},"modified":"2020-01-20T15:42:22","modified_gmt":"2020-01-20T15:42:22","slug":"zahlungsmethoden","status":"publish","type":"page","link":"https:\/\/lashlink.de\/ru\/zahlungsmethoden\/","title":{"rendered":"Zahlungsmethoden"},"content":{"rendered":"<section class=\"l-section wpb_row height_custom\"><div class=\"l-section-h i-cf\"><div class=\"g-cols vc_row via_grid cols_custom laptops-cols_inherit tablets-cols_inherit mobiles-cols_1 valign_top type_default stacking_default\" style=\"--custom-columns:4fr 0.5fr 1.5fr \"><div class=\"wpb_column vc_column_container\"><div class=\"vc_column-inner\"><div class=\"wpb_text_column\"><div class=\"wpb_wrapper\"><h2>Bezahlung mit dem Zahlungssystem PayPal<\/h2>\n<p>Die Bezahlung \u00fcber das PayPal-System erfolgt in mehreren Schritten. Zuerst m\u00fcssen Sie PayPal als Zahlungsmethode bei der Bestellung auf der Website ausw\u00e4hlen. Danach werden Sie zur PayPal-Seite weitergeleitet, wo Sie sich mit Ihrer E-Mail-Adresse und Ihrem Passwort in Ihr Konto einloggen m\u00fcssen. Nach dem Einloggen k\u00f6nnen Sie die Zahlung best\u00e4tigen, indem Sie eine Ihrer gespeicherten Zahlungsmethoden ausw\u00e4hlen oder eine neue hinzuf\u00fcgen. Nach der Best\u00e4tigung der Zahlung wird der Betrag von Ihrem Konto abgebucht, und Sie werden zur\u00fcck zur Website des Shops geleitet, um die Bestellung abzuschlie\u00dfen. Sie erhalten auch eine Best\u00e4tigungs-E-Mail von PayPal \u00fcber die Transaktion.<\/p>\n<h2><strong>Zahlung auf das Bankkonto<\/strong><\/h2>\n<p>Bei Vorauszahlung \u00fcberweisen Sie bitte den Betrag unmittelbar nach der Aufgabe Ihrer Bestellung auf unser unten angegebenes Bankkonto. Als Verwendungszweck geben Sie bitte den Namen des Empf\u00e4ngers und die Nummer Ihrer Bestellung an. Dies erm\u00f6glicht es uns, Ihre Zahlung schnell zu identifizieren und mit der Bearbeitung Ihrer Bestellung zu beginnen. Bitte beachten Sie, dass die Bearbeitung der Bank\u00fcberweisung einige Tage in Anspruch nehmen kann. Um den Versandprozess zu beschleunigen, k\u00f6nnen Sie uns eine Best\u00e4tigung Ihrer Zahlung per E-Mail zusenden.<\/p>\n<p><strong>Bankverbindung:<\/strong><\/p>\n<p>Kontoinhaber Igor Prokopenkov<\/p>\n<p>IBAN DE33 1001 0010 0937 3611 07<\/p>\n<p>BIC PBNKDEFFXXX<\/p>\n<p>Filial-\/Kontonummer 397 4712048 00<\/p>\n<div class=\"flex-1 overflow-hidden\">\n<div class=\"react-scroll-to-bottom--css-tzjgm-79elbk h-full\">\n<div class=\"react-scroll-to-bottom--css-tzjgm-1n7m0yu\">\n<div class=\"flex flex-col text-sm pb-9\">\n<div class=\"w-full text-token-text-primary\" data-testid=\"conversation-turn-57\">\n<div class=\"px-4 py-2 justify-center text-base md:gap-6 m-auto\">\n<div class=\"flex flex-1 text-base mx-auto gap-3 md:px-5 lg:px-1 xl:px-5 md:max-w-3xl lg:max-w-&#091;40rem&#093; xl:max-w-&#091;48rem&#093; group final-completion\">\n<div class=\"relative flex w-full flex-col agent-turn\">\n<div class=\"flex-col gap-1 md:gap-3\">\n<div class=\"flex flex-grow flex-col max-w-full\">\n<div class=\"min-h-&#091;20px&#093; text-message flex flex-col items-start gap-3 whitespace-pre-wrap break-words &#091;.text-message+&amp;&#093;:mt-5 overflow-x-auto\" data-message-author-role=\"assistant\" data-message-id=\"72030cd0-8484-431f-8deb-a6e7d6ba6576\">\n<div class=\"markdown prose w-full break-words dark:prose-invert light\">\n<h5>In unserem Online-Shop haben Sie auch die M\u00f6glichkeit, mit Visa- und Mastercard zu zahlen.<\/h5>\n<\/div>\n<\/div>\n<\/div>\n<div class=\"mt-1 flex justify-start gap-3 empty:hidden\">\n<div class=\"text-gray-400 flex self-end lg:self-center items-center justify-center lg:justify-start mt-0 -ml-1 h-7 gap-&#091;2px&#093; visible\"><button class=\"flex items-center gap-1.5 rounded-md p-1 text-xs text-token-text-tertiary hover:text-token-text-primary md:invisible md:group-hover:visible md:group-&#091;.final-completion&#093;:visible\"><\/button><\/p>\n<div class=\"flex\">\u00a0<\/div>\n<\/div>\n<\/div>\n<div class=\"pr-2 lg:pr-0\">\u00a0<\/div>\n<\/div>\n<div class=\"absolute\">\n<div class=\"flex w-full gap-2 items-center justify-center\">\u00a0<\/div>\n<\/div>\n<\/div>\n<\/div>\n<\/div>\n<\/div>\n<\/div>\n<\/div>\n<\/div>\n<\/div>\n<div class=\"w-full pt-2 md:pt-0 dark:border-white\/20 md:border-transparent md:dark:border-transparent md:w-&#091;calc(100%-.5rem)&#093;\">\n<form class=\"stretch mx-2 flex flex-row gap-3 last:mb-2 md:mx-4 md:last:mb-6 lg:mx-auto lg:max-w-2xl xl:max-w-3xl\">\n<div class=\"relative flex h-full flex-1 flex-col\">\n<div class=\"absolute bottom-full left-0 right-0\">\u00a0<\/div>\n<div class=\"flex w-full items-center\">\u00a0<\/div>\n<\/div>\n<\/form>\n<\/div>\n<\/div><\/div><\/div><\/div><div class=\"wpb_column vc_column_container\"><div class=\"vc_column-inner\"><\/div><\/div><div class=\"wpb_column vc_column_container\"><div class=\"vc_column-inner\"><nav class=\"w-menu us_custom_07f9eca1 layout_ver style_links us_menu_1\" style=\"--main-gap:1.5rem;--main-ver-indent:0.8em;--main-hor-indent:0.8em;--main-active-color:inherit;\"><ul id=\"menu-information-russian\" class=\"menu\"><li id=\"menu-item-4910\" class=\"menu-item menu-item-type-post_type menu-item-object-page menu-item-4910\"><a href=\"https:\/\/lashlink.de\/ru\/faq\/\">FAQ<\/a><\/li><li id=\"menu-item-5255\" class=\"menu-item menu-item-type-post_type menu-item-object-page menu-item-5255\"><a href=\"https:\/\/lashlink.de\/ru\/%d0%b4%d0%be%d1%81%d1%82%d0%b0%d0%b2%d0%ba%d0%b0\/\">\u0414\u043e\u0441\u0442\u0430\u0432\u043a\u0430<\/a><\/li><li id=\"menu-item-5256\" class=\"menu-item menu-item-type-post_type menu-item-object-page menu-item-5256\"><a href=\"https:\/\/lashlink.de\/ru\/zahlungsmethoden\/\">Zahlungsmethoden<\/a><\/li><li id=\"menu-item-5257\" class=\"menu-item menu-item-type-post_type menu-item-object-page menu-item-5257\"><a href=\"https:\/\/lashlink.de\/ru\/widerruf\/\">Widerrufsbelehrung<\/a><\/li><li id=\"menu-item-5269\" class=\"menu-item menu-item-type-post_type menu-item-object-page menu-item-5269\"><a href=\"https:\/\/lashlink.de\/ru\/datenschutz\/\">Datenschutzerkl\u00e4rung<\/a><\/li><\/ul><style>@media ( max-width:600px ){.us_menu_1 .menu{display:block!important}.us_menu_1 .menu>li:not(:last-child){margin:0 0 var(--main-gap,1.5rem)!important}}<\/style><\/nav><\/div><\/div><\/div><\/div><\/section>\n","protected":false},"excerpt":{"rendered":"Bezahlung mit dem Zahlungssystem PayPal Die Bezahlung \u00fcber das PayPal-System erfolgt in mehreren Schritten. Zuerst m\u00fcssen Sie PayPal als Zahlungsmethode bei der Bestellung auf der Website ausw\u00e4hlen. Danach werden Sie zur PayPal-Seite weitergeleitet, wo Sie sich mit Ihrer E-Mail-Adresse und Ihrem Passwort in Ihr Konto einloggen m\u00fcssen. Nach dem Einloggen k\u00f6nnen Sie die Zahlung best\u00e4tigen,...","protected":false},"author":1,"featured_media":0,"parent":0,"menu_order":0,"comment_status":"closed","ping_status":"closed","template":"","meta":{"_acf_changed":false,"footnotes":""},"class_list":["post-5249","page","type-page","status-publish","hentry"],"acf":[],"yoast_head":"<!-- This site is optimized with the Yoast SEO Premium plugin v27.5 (Yoast SEO v27.6) - https:\/\/yoast.com\/product\/yoast-seo-premium-wordpress\/ -->\n<title>Zahlungsmethoden - Lashlink<\/title>\n<meta name=\"robots\" content=\"index, follow, max-snippet:-1, max-image-preview:large, max-video-preview:-1\" \/>\n<link rel=\"canonical\" href=\"https:\/\/lashlink.de\/ru\/zahlungsmethoden\/\" \/>\n<meta property=\"og:locale\" content=\"ru_RU\" \/>\n<meta property=\"og:type\" content=\"article\" \/>\n<meta property=\"og:title\" content=\"Zahlungsmethoden\" \/>\n<meta property=\"og:url\" content=\"https:\/\/lashlink.de\/ru\/zahlungsmethoden\/\" \/>\n<meta property=\"og:site_name\" content=\"Lashlink\" \/>\n<meta name=\"twitter:card\" content=\"summary_large_image\" \/>\n<meta name=\"twitter:label1\" content=\"\u041f\u0440\u0438\u043c\u0435\u0440\u043d\u043e\u0435 \u0432\u0440\u0435\u043c\u044f \u0434\u043b\u044f \u0447\u0442\u0435\u043d\u0438\u044f\" \/>\n\t<meta name=\"twitter:data1\" content=\"1 \u043c\u0438\u043d\u0443\u0442\u0430\" \/>\n<script type=\"application\/ld+json\" class=\"yoast-schema-graph\">{\"@context\":\"https:\\\/\\\/schema.org\",\"@graph\":[{\"@type\":\"WebPage\",\"@id\":\"https:\\\/\\\/lashlink.de\\\/ru\\\/zahlungsmethoden\\\/\",\"url\":\"https:\\\/\\\/lashlink.de\\\/ru\\\/zahlungsmethoden\\\/\",\"name\":\"Zahlungsmethoden - Lashlink\",\"isPartOf\":{\"@id\":\"https:\\\/\\\/lashlink.de\\\/ru\\\/#website\"},\"datePublished\":\"2020-01-20T15:42:22+00:00\",\"breadcrumb\":{\"@id\":\"https:\\\/\\\/lashlink.de\\\/ru\\\/zahlungsmethoden\\\/#breadcrumb\"},\"inLanguage\":\"ru-RU\",\"potentialAction\":[{\"@type\":\"ReadAction\",\"target\":[\"https:\\\/\\\/lashlink.de\\\/ru\\\/zahlungsmethoden\\\/\"]}]},{\"@type\":\"BreadcrumbList\",\"@id\":\"https:\\\/\\\/lashlink.de\\\/ru\\\/zahlungsmethoden\\\/#breadcrumb\",\"itemListElement\":[{\"@type\":\"ListItem\",\"position\":1,\"name\":\"Home\",\"item\":\"https:\\\/\\\/lashlink.de\\\/ru\\\/\"},{\"@type\":\"ListItem\",\"position\":2,\"name\":\"Zahlungsmethoden\"}]},{\"@type\":\"WebSite\",\"@id\":\"https:\\\/\\\/lashlink.de\\\/ru\\\/#website\",\"url\":\"https:\\\/\\\/lashlink.de\\\/ru\\\/\",\"name\":\"Lashlink\",\"description\":\"\",\"publisher\":{\"@id\":\"https:\\\/\\\/lashlink.de\\\/ru\\\/#organization\"},\"potentialAction\":[{\"@type\":\"SearchAction\",\"target\":{\"@type\":\"EntryPoint\",\"urlTemplate\":\"https:\\\/\\\/lashlink.de\\\/ru\\\/?s={search_term_string}\"},\"query-input\":{\"@type\":\"PropertyValueSpecification\",\"valueRequired\":true,\"valueName\":\"search_term_string\"}}],\"inLanguage\":\"ru-RU\"},{\"@type\":\"Organization\",\"@id\":\"https:\\\/\\\/lashlink.de\\\/ru\\\/#organization\",\"name\":\"Lashlink\",\"url\":\"https:\\\/\\\/lashlink.de\\\/ru\\\/\",\"logo\":{\"@type\":\"ImageObject\",\"inLanguage\":\"ru-RU\",\"@id\":\"https:\\\/\\\/lashlink.de\\\/ru\\\/#\\\/schema\\\/logo\\\/image\\\/\",\"url\":\"https:\\\/\\\/lashlink.de\\\/wp-content\\\/uploads\\\/2024\\\/02\\\/logo.png\",\"contentUrl\":\"https:\\\/\\\/lashlink.de\\\/wp-content\\\/uploads\\\/2024\\\/02\\\/logo.png\",\"width\":884,\"height\":411,\"caption\":\"Lashlink\"},\"image\":{\"@id\":\"https:\\\/\\\/lashlink.de\\\/ru\\\/#\\\/schema\\\/logo\\\/image\\\/\"},\"hasMerchantReturnPolicy\":{\"@type\":\"MerchantReturnPolicy\",\"merchantReturnLink\":\"https:\\\/\\\/lashlink.de\\\/widerruf\\\/\"}}]}<\/script>\n<!-- \/ Yoast SEO Premium plugin. -->","yoast_head_json":{"title":"Zahlungsmethoden - Lashlink","robots":{"index":"index","follow":"follow","max-snippet":"max-snippet:-1","max-image-preview":"max-image-preview:large","max-video-preview":"max-video-preview:-1"},"canonical":"https:\/\/lashlink.de\/ru\/zahlungsmethoden\/","og_locale":"ru_RU","og_type":"article","og_title":"Zahlungsmethoden","og_url":"https:\/\/lashlink.de\/ru\/zahlungsmethoden\/","og_site_name":"Lashlink","twitter_card":"summary_large_image","twitter_misc":{"\u041f\u0440\u0438\u043c\u0435\u0440\u043d\u043e\u0435 \u0432\u0440\u0435\u043c\u044f \u0434\u043b\u044f \u0447\u0442\u0435\u043d\u0438\u044f":"1 \u043c\u0438\u043d\u0443\u0442\u0430"},"schema":{"@context":"https:\/\/schema.org","@graph":[{"@type":"WebPage","@id":"https:\/\/lashlink.de\/ru\/zahlungsmethoden\/","url":"https:\/\/lashlink.de\/ru\/zahlungsmethoden\/","name":"Zahlungsmethoden - Lashlink","isPartOf":{"@id":"https:\/\/lashlink.de\/ru\/#website"},"datePublished":"2020-01-20T15:42:22+00:00","breadcrumb":{"@id":"https:\/\/lashlink.de\/ru\/zahlungsmethoden\/#breadcrumb"},"inLanguage":"ru-RU","potentialAction":[{"@type":"ReadAction","target":["https:\/\/lashlink.de\/ru\/zahlungsmethoden\/"]}]},{"@type":"BreadcrumbList","@id":"https:\/\/lashlink.de\/ru\/zahlungsmethoden\/#breadcrumb","itemListElement":[{"@type":"ListItem","position":1,"name":"Home","item":"https:\/\/lashlink.de\/ru\/"},{"@type":"ListItem","position":2,"name":"Zahlungsmethoden"}]},{"@type":"WebSite","@id":"https:\/\/lashlink.de\/ru\/#website","url":"https:\/\/lashlink.de\/ru\/","name":"Lashlink","description":"","publisher":{"@id":"https:\/\/lashlink.de\/ru\/#organization"},"potentialAction":[{"@type":"SearchAction","target":{"@type":"EntryPoint","urlTemplate":"https:\/\/lashlink.de\/ru\/?s={search_term_string}"},"query-input":{"@type":"PropertyValueSpecification","valueRequired":true,"valueName":"search_term_string"}}],"inLanguage":"ru-RU"},{"@type":"Organization","@id":"https:\/\/lashlink.de\/ru\/#organization","name":"Lashlink","url":"https:\/\/lashlink.de\/ru\/","logo":{"@type":"ImageObject","inLanguage":"ru-RU","@id":"https:\/\/lashlink.de\/ru\/#\/schema\/logo\/image\/","url":"https:\/\/lashlink.de\/wp-content\/uploads\/2024\/02\/logo.png","contentUrl":"https:\/\/lashlink.de\/wp-content\/uploads\/2024\/02\/logo.png","width":884,"height":411,"caption":"Lashlink"},"image":{"@id":"https:\/\/lashlink.de\/ru\/#\/schema\/logo\/image\/"},"hasMerchantReturnPolicy":{"@type":"MerchantReturnPolicy","merchantReturnLink":"https:\/\/lashlink.de\/widerruf\/"}}]}},"_links":{"self":[{"href":"https:\/\/lashlink.de\/ru\/wp-json\/wp\/v2\/pages\/5249","targetHints":{"allow":["GET"]}}],"collection":[{"href":"https:\/\/lashlink.de\/ru\/wp-json\/wp\/v2\/pages"}],"about":[{"href":"https:\/\/lashlink.de\/ru\/wp-json\/wp\/v2\/types\/page"}],"author":[{"embeddable":true,"href":"https:\/\/lashlink.de\/ru\/wp-json\/wp\/v2\/users\/1"}],"replies":[{"embeddable":true,"href":"https:\/\/lashlink.de\/ru\/wp-json\/wp\/v2\/comments?post=5249"}],"version-history":[{"count":0,"href":"https:\/\/lashlink.de\/ru\/wp-json\/wp\/v2\/pages\/5249\/revisions"}],"wp:attachment":[{"href":"https:\/\/lashlink.de\/ru\/wp-json\/wp\/v2\/media?parent=5249"}],"curies":[{"name":"wp","href":"https:\/\/api.w.org\/{rel}","templated":true}]}}