{"id":4259,"date":"2016-08-31T12:38:04","date_gmt":"2016-08-31T12:38:04","guid":{"rendered":"https:\/\/lashlink.de\/about\/"},"modified":"2025-01-15T12:37:19","modified_gmt":"2025-01-15T12:37:19","slug":"ueber-uns","status":"publish","type":"page","link":"https:\/\/lashlink.de\/ru\/ueber-uns\/","title":{"rendered":"\u041e \u043d\u0430\u0441"},"content":{"rendered":"<section class=\"l-section wpb_row height_custom\"><div class=\"l-section-h i-cf\"><div class=\"g-cols vc_row via_grid cols_2 laptops-cols_inherit tablets-cols_inherit mobiles-cols_1 valign_top type_default stacking_default\"><div class=\"wpb_column vc_column_container\"><div class=\"vc_column-inner\"><div class=\"wpb_text_column\"><div class=\"wpb_wrapper\"><h2 style=\"text-align: left;\">Wer wir sind<\/h2>\n<p style=\"text-align: left;\">Willkommen in Ihrer neuen Welt der Sch\u00f6nheit. Wir freuen uns, die Er\u00f6ffnung unseres Gesch\u00e4fts anzuk\u00fcndigen &#8212; Ihr zuverl\u00e4ssiger Partner in der Welt der professionellen Materialien f\u00fcr Wimpernverl\u00e4ngerungen und das Laminieren sowie alles, was Sie f\u00fcr perfekte Augenbrauen ben\u00f6tigen. Hier bei LashLink streben wir danach, Ihnen nicht nur Produkte von h\u00f6chster Qualit\u00e4t anzubieten, sondern auch neue M\u00f6glichkeiten, Ihr kreatives Potenzial zu entfalten. Jedes Produkt in unserem Sortiment ist eine Kombination aus Innovation, Sicherheit und Stil. In der EU zertifiziert und aus den Top-Marken ausgew\u00e4hlt, wurden unsere Materialien sorgf\u00e4ltig getestet, um selbst die anspruchsvollsten Profis zufriedenzustellen. Bei LashLink findet jeder etwas f\u00fcr sich &#8212; egal ob Sie ein erfahrener Profi oder ein Neuling in dieser Kunst sind. Begleiten Sie uns auf dieser Reise zur Sch\u00f6nheit, wo Qualit\u00e4t und Kundenservice unsere Priorit\u00e4t sind. Folgen Sie uns, um unsere exklusiven Angebote und Lehrmaterialien, die wir speziell f\u00fcr Sie ver\u00f6ffentlichen werden, nicht zu verpassen. Ihre Sch\u00f6nheit ist unsere Leidenschaft. Zusammen werden wir diese Welt noch sch\u00f6ner machen!<\/p>\n<\/div><\/div><\/div><\/div><div class=\"wpb_column vc_column_container\"><div class=\"vc_column-inner\"><div class=\"wpb_text_column\"><div class=\"wpb_wrapper\"><h2 style=\"text-align: left;\">Unsere Vorteile<\/h2>\n<ul>\n<li>schnelle Lieferung<\/li>\n<li>sichere Zahlung<\/li>\n<li>kunderorientirung<\/li>\n<\/ul>\n<\/div><\/div><\/div><\/div><\/div><\/div><\/section>\n","protected":false},"excerpt":{"rendered":"Wer wir sind Willkommen in Ihrer neuen Welt der Sch\u00f6nheit. Wir freuen uns, die Er\u00f6ffnung unseres Gesch\u00e4fts anzuk\u00fcndigen &#8212; Ihr zuverl\u00e4ssiger Partner in der Welt der professionellen Materialien f\u00fcr Wimpernverl\u00e4ngerungen und das Laminieren sowie alles, was Sie f\u00fcr perfekte Augenbrauen ben\u00f6tigen. Hier bei LashLink streben wir danach, Ihnen nicht nur Produkte von h\u00f6chster Qualit\u00e4t anzubieten,...","protected":false},"author":1,"featured_media":0,"parent":0,"menu_order":0,"comment_status":"closed","ping_status":"closed","template":"","meta":{"_acf_changed":false,"footnotes":""},"class_list":["post-4259","page","type-page","status-publish","hentry"],"acf":[],"yoast_head":"<!-- This site is optimized with the Yoast SEO Premium plugin v27.5 (Yoast SEO v27.6) - https:\/\/yoast.com\/product\/yoast-seo-premium-wordpress\/ -->\n<title>\u041e \u043d\u0430\u0441 - Lashlink<\/title>\n<meta name=\"robots\" content=\"index, follow, max-snippet:-1, max-image-preview:large, max-video-preview:-1\" \/>\n<link rel=\"canonical\" href=\"https:\/\/lashlink.de\/ru\/ueber-uns\/\" \/>\n<meta property=\"og:locale\" content=\"ru_RU\" \/>\n<meta property=\"og:type\" content=\"article\" \/>\n<meta property=\"og:title\" content=\"\u041e \u043d\u0430\u0441\" \/>\n<meta property=\"og:url\" content=\"https:\/\/lashlink.de\/ru\/ueber-uns\/\" \/>\n<meta property=\"og:site_name\" content=\"Lashlink\" \/>\n<meta property=\"article:modified_time\" content=\"2025-01-15T12:37:19+00:00\" \/>\n<meta name=\"twitter:card\" content=\"summary_large_image\" \/>\n<meta name=\"twitter:label1\" content=\"\u041f\u0440\u0438\u043c\u0435\u0440\u043d\u043e\u0435 \u0432\u0440\u0435\u043c\u044f \u0434\u043b\u044f \u0447\u0442\u0435\u043d\u0438\u044f\" \/>\n\t<meta name=\"twitter:data1\" content=\"1 \u043c\u0438\u043d\u0443\u0442\u0430\" \/>\n<script type=\"application\/ld+json\" class=\"yoast-schema-graph\">{\"@context\":\"https:\\\/\\\/schema.org\",\"@graph\":[{\"@type\":\"WebPage\",\"@id\":\"https:\\\/\\\/lashlink.de\\\/ru\\\/ueber-uns\\\/\",\"url\":\"https:\\\/\\\/lashlink.de\\\/ru\\\/ueber-uns\\\/\",\"name\":\"\u041e \u043d\u0430\u0441 - Lashlink\",\"isPartOf\":{\"@id\":\"https:\\\/\\\/lashlink.de\\\/ru\\\/#website\"},\"datePublished\":\"2016-08-31T12:38:04+00:00\",\"dateModified\":\"2025-01-15T12:37:19+00:00\",\"breadcrumb\":{\"@id\":\"https:\\\/\\\/lashlink.de\\\/ru\\\/ueber-uns\\\/#breadcrumb\"},\"inLanguage\":\"ru-RU\",\"potentialAction\":[{\"@type\":\"ReadAction\",\"target\":[\"https:\\\/\\\/lashlink.de\\\/ru\\\/ueber-uns\\\/\"]}]},{\"@type\":\"BreadcrumbList\",\"@id\":\"https:\\\/\\\/lashlink.de\\\/ru\\\/ueber-uns\\\/#breadcrumb\",\"itemListElement\":[{\"@type\":\"ListItem\",\"position\":1,\"name\":\"Home\",\"item\":\"https:\\\/\\\/lashlink.de\\\/ru\\\/\"},{\"@type\":\"ListItem\",\"position\":2,\"name\":\"\u041e \u043d\u0430\u0441\"}]},{\"@type\":\"WebSite\",\"@id\":\"https:\\\/\\\/lashlink.de\\\/ru\\\/#website\",\"url\":\"https:\\\/\\\/lashlink.de\\\/ru\\\/\",\"name\":\"Lashlink\",\"description\":\"\",\"publisher\":{\"@id\":\"https:\\\/\\\/lashlink.de\\\/ru\\\/#organization\"},\"potentialAction\":[{\"@type\":\"SearchAction\",\"target\":{\"@type\":\"EntryPoint\",\"urlTemplate\":\"https:\\\/\\\/lashlink.de\\\/ru\\\/?s={search_term_string}\"},\"query-input\":{\"@type\":\"PropertyValueSpecification\",\"valueRequired\":true,\"valueName\":\"search_term_string\"}}],\"inLanguage\":\"ru-RU\"},{\"@type\":\"Organization\",\"@id\":\"https:\\\/\\\/lashlink.de\\\/ru\\\/#organization\",\"name\":\"Lashlink\",\"url\":\"https:\\\/\\\/lashlink.de\\\/ru\\\/\",\"logo\":{\"@type\":\"ImageObject\",\"inLanguage\":\"ru-RU\",\"@id\":\"https:\\\/\\\/lashlink.de\\\/ru\\\/#\\\/schema\\\/logo\\\/image\\\/\",\"url\":\"https:\\\/\\\/lashlink.de\\\/wp-content\\\/uploads\\\/2024\\\/02\\\/logo.png\",\"contentUrl\":\"https:\\\/\\\/lashlink.de\\\/wp-content\\\/uploads\\\/2024\\\/02\\\/logo.png\",\"width\":884,\"height\":411,\"caption\":\"Lashlink\"},\"image\":{\"@id\":\"https:\\\/\\\/lashlink.de\\\/ru\\\/#\\\/schema\\\/logo\\\/image\\\/\"},\"hasMerchantReturnPolicy\":{\"@type\":\"MerchantReturnPolicy\",\"merchantReturnLink\":\"https:\\\/\\\/lashlink.de\\\/widerruf\\\/\"}}]}<\/script>\n<!-- \/ Yoast SEO Premium plugin. -->","yoast_head_json":{"title":"\u041e \u043d\u0430\u0441 - Lashlink","robots":{"index":"index","follow":"follow","max-snippet":"max-snippet:-1","max-image-preview":"max-image-preview:large","max-video-preview":"max-video-preview:-1"},"canonical":"https:\/\/lashlink.de\/ru\/ueber-uns\/","og_locale":"ru_RU","og_type":"article","og_title":"\u041e \u043d\u0430\u0441","og_url":"https:\/\/lashlink.de\/ru\/ueber-uns\/","og_site_name":"Lashlink","article_modified_time":"2025-01-15T12:37:19+00:00","twitter_card":"summary_large_image","twitter_misc":{"\u041f\u0440\u0438\u043c\u0435\u0440\u043d\u043e\u0435 \u0432\u0440\u0435\u043c\u044f \u0434\u043b\u044f \u0447\u0442\u0435\u043d\u0438\u044f":"1 \u043c\u0438\u043d\u0443\u0442\u0430"},"schema":{"@context":"https:\/\/schema.org","@graph":[{"@type":"WebPage","@id":"https:\/\/lashlink.de\/ru\/ueber-uns\/","url":"https:\/\/lashlink.de\/ru\/ueber-uns\/","name":"\u041e \u043d\u0430\u0441 - Lashlink","isPartOf":{"@id":"https:\/\/lashlink.de\/ru\/#website"},"datePublished":"2016-08-31T12:38:04+00:00","dateModified":"2025-01-15T12:37:19+00:00","breadcrumb":{"@id":"https:\/\/lashlink.de\/ru\/ueber-uns\/#breadcrumb"},"inLanguage":"ru-RU","potentialAction":[{"@type":"ReadAction","target":["https:\/\/lashlink.de\/ru\/ueber-uns\/"]}]},{"@type":"BreadcrumbList","@id":"https:\/\/lashlink.de\/ru\/ueber-uns\/#breadcrumb","itemListElement":[{"@type":"ListItem","position":1,"name":"Home","item":"https:\/\/lashlink.de\/ru\/"},{"@type":"ListItem","position":2,"name":"\u041e \u043d\u0430\u0441"}]},{"@type":"WebSite","@id":"https:\/\/lashlink.de\/ru\/#website","url":"https:\/\/lashlink.de\/ru\/","name":"Lashlink","description":"","publisher":{"@id":"https:\/\/lashlink.de\/ru\/#organization"},"potentialAction":[{"@type":"SearchAction","target":{"@type":"EntryPoint","urlTemplate":"https:\/\/lashlink.de\/ru\/?s={search_term_string}"},"query-input":{"@type":"PropertyValueSpecification","valueRequired":true,"valueName":"search_term_string"}}],"inLanguage":"ru-RU"},{"@type":"Organization","@id":"https:\/\/lashlink.de\/ru\/#organization","name":"Lashlink","url":"https:\/\/lashlink.de\/ru\/","logo":{"@type":"ImageObject","inLanguage":"ru-RU","@id":"https:\/\/lashlink.de\/ru\/#\/schema\/logo\/image\/","url":"https:\/\/lashlink.de\/wp-content\/uploads\/2024\/02\/logo.png","contentUrl":"https:\/\/lashlink.de\/wp-content\/uploads\/2024\/02\/logo.png","width":884,"height":411,"caption":"Lashlink"},"image":{"@id":"https:\/\/lashlink.de\/ru\/#\/schema\/logo\/image\/"},"hasMerchantReturnPolicy":{"@type":"MerchantReturnPolicy","merchantReturnLink":"https:\/\/lashlink.de\/widerruf\/"}}]}},"_links":{"self":[{"href":"https:\/\/lashlink.de\/ru\/wp-json\/wp\/v2\/pages\/4259","targetHints":{"allow":["GET"]}}],"collection":[{"href":"https:\/\/lashlink.de\/ru\/wp-json\/wp\/v2\/pages"}],"about":[{"href":"https:\/\/lashlink.de\/ru\/wp-json\/wp\/v2\/types\/page"}],"author":[{"embeddable":true,"href":"https:\/\/lashlink.de\/ru\/wp-json\/wp\/v2\/users\/1"}],"replies":[{"embeddable":true,"href":"https:\/\/lashlink.de\/ru\/wp-json\/wp\/v2\/comments?post=4259"}],"version-history":[{"count":5,"href":"https:\/\/lashlink.de\/ru\/wp-json\/wp\/v2\/pages\/4259\/revisions"}],"predecessor-version":[{"id":8577,"href":"https:\/\/lashlink.de\/ru\/wp-json\/wp\/v2\/pages\/4259\/revisions\/8577"}],"wp:attachment":[{"href":"https:\/\/lashlink.de\/ru\/wp-json\/wp\/v2\/media?parent=4259"}],"curies":[{"name":"wp","href":"https:\/\/api.w.org\/{rel}","templated":true}]}}