{"id":4251,"date":"2019-09-04T10:49:16","date_gmt":"2019-09-04T10:49:16","guid":{"rendered":"https:\/\/lashlink.de\/faq\/"},"modified":"2024-04-08T19:55:34","modified_gmt":"2024-04-08T19:55:34","slug":"faq","status":"publish","type":"page","link":"https:\/\/lashlink.de\/ru\/faq\/","title":{"rendered":"FAQ"},"content":{"rendered":"<section class=\"l-section wpb_row height_custom\"><div class=\"l-section-h i-cf\"><div class=\"g-cols vc_row via_grid cols_custom laptops-cols_inherit tablets-cols_inherit mobiles-cols_1 valign_top type_default stacking_default\" style=\"--custom-columns:4fr 0.5fr 1.5fr \"><div class=\"wpb_column vc_column_container\"><div class=\"vc_column-inner\"><div class=\"w-tabs style_default switch_click accordion has_scrolling remove_indents\" style=\"--sections-title-size:1.5rem\"><div class=\"w-tabs-sections titles-align_none icon_chevron cpos_right\"><div class=\"w-tabs-section\" id=\"1566218453842-fd6ec390-c097\" itemscope itemprop=\"mainEntity\" itemtype=\"https:\/\/schema.org\/Question\"><button class=\"w-tabs-section-header\" aria-controls=\"content-1566218453842-fd6ec390-c097\" aria-expanded=\"false\"><div class=\"w-tabs-section-title\" itemprop=\"name\"> Welche Zahlungsmethoden akzeptieren Sie?<\/div><div class=\"w-tabs-section-control\"><\/div><\/button><div  class=\"w-tabs-section-content\" id=\"content-1566218453842-fd6ec390-c097\" itemscope itemprop=\"acceptedAnswer\" itemtype=\"https:\/\/schema.org\/Answer\"><div class=\"w-tabs-section-content-h i-cf\" itemprop=\"text\"><div class=\"wpb_text_column\"><div class=\"wpb_wrapper\"><p>Bezahlung mit dem Zahlungssystem PayPal.\u00a0<\/p>\n<p>Zahlung auf das Bankkonto<\/p>\n<p>In unserem Gesch\u00e4ft haben Sie auch die M\u00f6glichkeit, mit Visa- und Mastercard zu zahlen<\/p>\n<p>\u00a0<\/p>\n<\/div><\/div><\/div><\/div><\/div><div class=\"w-tabs-section\" id=\"1566218453853-11582232-fe8d\" itemscope itemprop=\"mainEntity\" itemtype=\"https:\/\/schema.org\/Question\"><button class=\"w-tabs-section-header\" aria-controls=\"content-1566218453853-11582232-fe8d\" aria-expanded=\"false\"><div class=\"w-tabs-section-title\" itemprop=\"name\">Wo und wie kann ich eine Bewertung f\u00fcr das von mir gekaufte Produkt hinterlassen?<\/div><div class=\"w-tabs-section-control\"><\/div><\/button><div  class=\"w-tabs-section-content\" id=\"content-1566218453853-11582232-fe8d\" itemscope itemprop=\"acceptedAnswer\" itemtype=\"https:\/\/schema.org\/Answer\"><div class=\"w-tabs-section-content-h i-cf\" itemprop=\"text\"><div class=\"wpb_text_column\"><div class=\"wpb_wrapper\"><p>Dieser Abschnitt wird in K\u00fcrze unter jedem Produkt platziert werden.<\/p>\n<\/div><\/div><\/div><\/div><\/div><div class=\"w-tabs-section\" id=\"1566219128772-dc87b364-f10e\" itemscope itemprop=\"mainEntity\" itemtype=\"https:\/\/schema.org\/Question\"><button class=\"w-tabs-section-header\" aria-controls=\"content-1566219128772-dc87b364-f10e\" aria-expanded=\"false\"><div class=\"w-tabs-section-title\" itemprop=\"name\"> Ist es m\u00f6glich, einen Gutschein f\u00fcr Ihre Produkte zu kaufen?<\/div><div class=\"w-tabs-section-control\"><\/div><\/button><div  class=\"w-tabs-section-content\" id=\"content-1566219128772-dc87b364-f10e\" itemscope itemprop=\"acceptedAnswer\" itemtype=\"https:\/\/schema.org\/Answer\"><div class=\"w-tabs-section-content-h i-cf\" itemprop=\"text\"><div class=\"wpb_text_column\"><div class=\"wpb_wrapper\"><\/div><\/div><\/div><\/div><\/div><div class=\"w-tabs-section\" id=\"1566219987763-973f9b42-767d\" itemscope itemprop=\"mainEntity\" itemtype=\"https:\/\/schema.org\/Question\"><button class=\"w-tabs-section-header\" aria-controls=\"content-1566219987763-973f9b42-767d\" aria-expanded=\"false\"><div class=\"w-tabs-section-title\" itemprop=\"name\">Wo kann ich Informationen \u00fcber aktuelle Sonderangebote und Rabatte erhalten?<\/div><div class=\"w-tabs-section-control\"><\/div><\/button><div  class=\"w-tabs-section-content\" id=\"content-1566219987763-973f9b42-767d\" itemscope itemprop=\"acceptedAnswer\" itemtype=\"https:\/\/schema.org\/Answer\"><div class=\"w-tabs-section-content-h i-cf\" itemprop=\"text\"><div class=\"wpb_text_column\"><div class=\"wpb_wrapper\"><div class=\"flex-1 overflow-hidden\">\n<div class=\"react-scroll-to-bottom--css-tjocx-79elbk h-full\">\n<div class=\"react-scroll-to-bottom--css-tjocx-1n7m0yu\">\n<div class=\"flex flex-col text-sm pb-9\">\n<div class=\"w-full text-token-text-primary\" data-testid=\"conversation-turn-5\">\n<div class=\"px-4 py-2 justify-center text-base md:gap-6 m-auto\">\n<div class=\"flex flex-1 text-base mx-auto gap-3 md:px-5 lg:px-1 xl:px-5 md:max-w-3xl lg:max-w-&#091;40rem&#093; xl:max-w-&#091;48rem&#093; group final-completion\">\n<div class=\"relative flex w-full flex-col agent-turn\">\n<div class=\"flex-col gap-1 md:gap-3\">\n<div class=\"flex flex-grow flex-col max-w-full\">\n<div class=\"min-h-&#091;20px&#093; text-message flex flex-col items-start gap-3 whitespace-pre-wrap break-words &#091;.text-message+&amp;&#093;:mt-5 overflow-x-auto\" data-message-author-role=\"assistant\" data-message-id=\"32638a02-6857-47ba-8de4-969422f8757d\">\n<div class=\"markdown prose w-full break-words dark:prose-invert light\">\n<p>Die aktuellsten Informationen und Sonderangebote unseres Shops k\u00f6nnen Sie erhalten, indem Sie im Men\u00fc den Abschnitt Rabatte besuchen. Wir ver\u00f6ffentlichen ebenfalls Informationen \u00fcber Sonderangebote in unseren sozialen Netzwerken.<\/p>\n<\/div>\n<\/div>\n<\/div>\n<div class=\"mt-1 flex justify-start gap-3 empty:hidden\">\n<div class=\"text-gray-400 flex self-end lg:self-center items-center justify-center lg:justify-start mt-0 -ml-1 h-7 gap-&#091;2px&#093; visible\"><button class=\"flex items-center gap-1.5 rounded-md p-1 text-xs text-token-text-tertiary hover:text-token-text-primary md:invisible md:group-hover:visible md:group-&#091;.final-completion&#093;:visible\"><\/button><\/p>\n<div class=\"flex items-center gap-1.5 text-xs\">\u00a0<\/div>\n<div class=\"flex\">\u00a0<\/div>\n<\/div>\n<\/div>\n<div class=\"pr-2 lg:pr-0\">\u00a0<\/div>\n<\/div>\n<div class=\"absolute\">\n<div class=\"flex w-full gap-2 items-center justify-center\">\u00a0<\/div>\n<\/div>\n<\/div>\n<\/div>\n<\/div>\n<\/div>\n<\/div>\n<\/div>\n<\/div>\n<\/div>\n<div class=\"w-full pt-2 md:pt-0 dark:border-white\/20 md:border-transparent md:dark:border-transparent md:w-&#091;calc(100%-.5rem)&#093;\">\n<form class=\"stretch mx-2 flex flex-row gap-3 last:mb-2 md:mx-4 md:last:mb-6 lg:mx-auto lg:max-w-2xl xl:max-w-3xl\">\n<div class=\"relative flex h-full flex-1 flex-col\">\n<div class=\"absolute bottom-full left-0 right-0\">\u00a0<\/div>\n<div class=\"flex w-full items-center\">\u00a0<\/div>\n<\/div>\n<\/form>\n<\/div>\n<\/div><\/div><\/div><\/div><\/div><div class=\"w-tabs-section\" id=\"1566220067800-e30e48ec-0ec2\" itemscope itemprop=\"mainEntity\" itemtype=\"https:\/\/schema.org\/Question\"><button class=\"w-tabs-section-header\" aria-controls=\"content-1566220067800-e30e48ec-0ec2\" aria-expanded=\"false\"><div class=\"w-tabs-section-title\" itemprop=\"name\">Welche Vorteile hat man als Abonnent \/ registrierter Kunde?<\/div><div class=\"w-tabs-section-control\"><\/div><\/button><div  class=\"w-tabs-section-content\" id=\"content-1566220067800-e30e48ec-0ec2\" itemscope itemprop=\"acceptedAnswer\" itemtype=\"https:\/\/schema.org\/Answer\"><div class=\"w-tabs-section-content-h i-cf\" itemprop=\"text\"><div class=\"wpb_text_column\"><div class=\"wpb_wrapper\"><p>Kunden unseres Shops, die sich registriert und f\u00fcr unsere Updates angemeldet haben, erhalten zuerst Informationen \u00fcber bevorstehende Rabatte, Sonderangebote und Neuheiten. Au\u00dferdem m\u00fcssen Sie Ihre Daten bei jeder Bestellung nicht erneut eingeben. In naher Zukunft planen wir, ein Rabatt- und Punktesammelsystem f\u00fcr jeden Ihrer nachfolgenden Auftr\u00e4ge einzuf\u00fchren.<\/p>\n<\/div><\/div><\/div><\/div><\/div><div class=\"w-tabs-section\" id=\"1566220069277-6041333f-a677\" itemscope itemprop=\"mainEntity\" itemtype=\"https:\/\/schema.org\/Question\"><button class=\"w-tabs-section-header\" aria-controls=\"content-1566220069277-6041333f-a677\" aria-expanded=\"false\"><div class=\"w-tabs-section-title\" itemprop=\"name\">Wie erhalte ich Unterst\u00fctzung vom Kundenerfolgsteam?<\/div><div class=\"w-tabs-section-control\"><\/div><\/button><div  class=\"w-tabs-section-content\" id=\"content-1566220069277-6041333f-a677\" itemscope itemprop=\"acceptedAnswer\" itemtype=\"https:\/\/schema.org\/Answer\"><div class=\"w-tabs-section-content-h i-cf\" itemprop=\"text\"><div class=\"wpb_text_column\"><div class=\"wpb_wrapper\"><p>Liebe Kunden unseres Shops, Sie k\u00f6nnen uns jederzeit mit Ihren Fragen, Vorschl\u00e4gen kontaktieren. Auf unserer Website gibt es ein praktisches Formular f\u00fcr Ihre Fragen. Sie k\u00f6nnen uns auch direkt an unsere E-Mail-Adresse schreiben oder uns unter der Telefonnummer +49 17621485391 kontaktieren.<\/p>\n<\/div><\/div><\/div><\/div><\/div><\/div><\/div><\/div><\/div><div class=\"wpb_column vc_column_container\"><div class=\"vc_column-inner\"><\/div><\/div><div class=\"wpb_column vc_column_container\"><div class=\"vc_column-inner\"><nav class=\"w-menu us_custom_07f9eca1 layout_ver style_links us_menu_1\" style=\"--main-gap:1.5rem;--main-ver-indent:0.8em;--main-hor-indent:0.8em;--main-active-color:inherit;\"><ul id=\"menu-information-russian\" class=\"menu\"><li id=\"menu-item-4910\" class=\"menu-item menu-item-type-post_type menu-item-object-page menu-item-4910\"><a href=\"https:\/\/lashlink.de\/ru\/faq\/\">FAQ<\/a><\/li><li id=\"menu-item-5255\" class=\"menu-item menu-item-type-post_type menu-item-object-page menu-item-5255\"><a href=\"https:\/\/lashlink.de\/ru\/%d0%b4%d0%be%d1%81%d1%82%d0%b0%d0%b2%d0%ba%d0%b0\/\">\u0414\u043e\u0441\u0442\u0430\u0432\u043a\u0430<\/a><\/li><li id=\"menu-item-5256\" class=\"menu-item menu-item-type-post_type menu-item-object-page menu-item-5256\"><a href=\"https:\/\/lashlink.de\/ru\/zahlungsmethoden\/\">Zahlungsmethoden<\/a><\/li><li id=\"menu-item-5257\" class=\"menu-item menu-item-type-post_type menu-item-object-page menu-item-5257\"><a href=\"https:\/\/lashlink.de\/ru\/widerruf\/\">Widerrufsbelehrung<\/a><\/li><li id=\"menu-item-5269\" class=\"menu-item menu-item-type-post_type menu-item-object-page menu-item-5269\"><a href=\"https:\/\/lashlink.de\/ru\/datenschutz\/\">Datenschutzerkl\u00e4rung<\/a><\/li><\/ul><style>@media ( max-width:600px ){.us_menu_1 .menu{display:block!important}.us_menu_1 .menu>li:not(:last-child){margin:0 0 var(--main-gap,1.5rem)!important}}<\/style><\/nav><\/div><\/div><\/div><\/div><\/section>\n","protected":false},"excerpt":{"rendered":"Welche Zahlungsmethoden akzeptieren Sie?Bezahlung mit dem Zahlungssystem PayPal.\u00a0 Zahlung auf das Bankkonto In unserem Gesch\u00e4ft haben Sie auch die M\u00f6glichkeit, mit Visa- und Mastercard zu zahlen \u00a0 Wo und wie kann ich eine Bewertung f\u00fcr das von mir gekaufte Produkt hinterlassen?Dieser Abschnitt wird in K\u00fcrze unter jedem Produkt platziert werden. Ist es m\u00f6glich, einen Gutschein...","protected":false},"author":1,"featured_media":0,"parent":0,"menu_order":0,"comment_status":"closed","ping_status":"closed","template":"","meta":{"_acf_changed":false,"footnotes":""},"class_list":["post-4251","page","type-page","status-publish","hentry"],"acf":[],"yoast_head":"<!-- This site is optimized with the Yoast SEO Premium plugin v27.5 (Yoast SEO v27.6) - https:\/\/yoast.com\/product\/yoast-seo-premium-wordpress\/ -->\n<title>FAQ - Lashlink<\/title>\n<meta name=\"robots\" content=\"index, follow, max-snippet:-1, max-image-preview:large, max-video-preview:-1\" \/>\n<link rel=\"canonical\" href=\"https:\/\/lashlink.de\/ru\/faq\/\" \/>\n<meta property=\"og:locale\" content=\"ru_RU\" \/>\n<meta property=\"og:type\" content=\"article\" \/>\n<meta property=\"og:title\" content=\"FAQ\" \/>\n<meta property=\"og:url\" content=\"https:\/\/lashlink.de\/ru\/faq\/\" \/>\n<meta property=\"og:site_name\" content=\"Lashlink\" \/>\n<meta property=\"article:modified_time\" content=\"2024-04-08T19:55:34+00:00\" \/>\n<meta name=\"twitter:card\" content=\"summary_large_image\" \/>\n<meta name=\"twitter:label1\" content=\"\u041f\u0440\u0438\u043c\u0435\u0440\u043d\u043e\u0435 \u0432\u0440\u0435\u043c\u044f \u0434\u043b\u044f \u0447\u0442\u0435\u043d\u0438\u044f\" \/>\n\t<meta name=\"twitter:data1\" content=\"2 \u043c\u0438\u043d\u0443\u0442\u044b\" \/>\n<script type=\"application\/ld+json\" class=\"yoast-schema-graph\">{\"@context\":\"https:\\\/\\\/schema.org\",\"@graph\":[{\"@type\":\"WebPage\",\"@id\":\"https:\\\/\\\/lashlink.de\\\/ru\\\/faq\\\/\",\"url\":\"https:\\\/\\\/lashlink.de\\\/ru\\\/faq\\\/\",\"name\":\"FAQ - Lashlink\",\"isPartOf\":{\"@id\":\"https:\\\/\\\/lashlink.de\\\/ru\\\/#website\"},\"datePublished\":\"2019-09-04T10:49:16+00:00\",\"dateModified\":\"2024-04-08T19:55:34+00:00\",\"breadcrumb\":{\"@id\":\"https:\\\/\\\/lashlink.de\\\/ru\\\/faq\\\/#breadcrumb\"},\"inLanguage\":\"ru-RU\",\"potentialAction\":[{\"@type\":\"ReadAction\",\"target\":[\"https:\\\/\\\/lashlink.de\\\/ru\\\/faq\\\/\"]}]},{\"@type\":\"BreadcrumbList\",\"@id\":\"https:\\\/\\\/lashlink.de\\\/ru\\\/faq\\\/#breadcrumb\",\"itemListElement\":[{\"@type\":\"ListItem\",\"position\":1,\"name\":\"Home\",\"item\":\"https:\\\/\\\/lashlink.de\\\/ru\\\/\"},{\"@type\":\"ListItem\",\"position\":2,\"name\":\"FAQ\"}]},{\"@type\":\"WebSite\",\"@id\":\"https:\\\/\\\/lashlink.de\\\/ru\\\/#website\",\"url\":\"https:\\\/\\\/lashlink.de\\\/ru\\\/\",\"name\":\"Lashlink\",\"description\":\"\",\"publisher\":{\"@id\":\"https:\\\/\\\/lashlink.de\\\/ru\\\/#organization\"},\"potentialAction\":[{\"@type\":\"SearchAction\",\"target\":{\"@type\":\"EntryPoint\",\"urlTemplate\":\"https:\\\/\\\/lashlink.de\\\/ru\\\/?s={search_term_string}\"},\"query-input\":{\"@type\":\"PropertyValueSpecification\",\"valueRequired\":true,\"valueName\":\"search_term_string\"}}],\"inLanguage\":\"ru-RU\"},{\"@type\":\"Organization\",\"@id\":\"https:\\\/\\\/lashlink.de\\\/ru\\\/#organization\",\"name\":\"Lashlink\",\"url\":\"https:\\\/\\\/lashlink.de\\\/ru\\\/\",\"logo\":{\"@type\":\"ImageObject\",\"inLanguage\":\"ru-RU\",\"@id\":\"https:\\\/\\\/lashlink.de\\\/ru\\\/#\\\/schema\\\/logo\\\/image\\\/\",\"url\":\"https:\\\/\\\/lashlink.de\\\/wp-content\\\/uploads\\\/2024\\\/02\\\/logo.png\",\"contentUrl\":\"https:\\\/\\\/lashlink.de\\\/wp-content\\\/uploads\\\/2024\\\/02\\\/logo.png\",\"width\":884,\"height\":411,\"caption\":\"Lashlink\"},\"image\":{\"@id\":\"https:\\\/\\\/lashlink.de\\\/ru\\\/#\\\/schema\\\/logo\\\/image\\\/\"},\"hasMerchantReturnPolicy\":{\"@type\":\"MerchantReturnPolicy\",\"merchantReturnLink\":\"https:\\\/\\\/lashlink.de\\\/widerruf\\\/\"}}]}<\/script>\n<!-- \/ Yoast SEO Premium plugin. -->","yoast_head_json":{"title":"FAQ - Lashlink","robots":{"index":"index","follow":"follow","max-snippet":"max-snippet:-1","max-image-preview":"max-image-preview:large","max-video-preview":"max-video-preview:-1"},"canonical":"https:\/\/lashlink.de\/ru\/faq\/","og_locale":"ru_RU","og_type":"article","og_title":"FAQ","og_url":"https:\/\/lashlink.de\/ru\/faq\/","og_site_name":"Lashlink","article_modified_time":"2024-04-08T19:55:34+00:00","twitter_card":"summary_large_image","twitter_misc":{"\u041f\u0440\u0438\u043c\u0435\u0440\u043d\u043e\u0435 \u0432\u0440\u0435\u043c\u044f \u0434\u043b\u044f \u0447\u0442\u0435\u043d\u0438\u044f":"2 \u043c\u0438\u043d\u0443\u0442\u044b"},"schema":{"@context":"https:\/\/schema.org","@graph":[{"@type":"WebPage","@id":"https:\/\/lashlink.de\/ru\/faq\/","url":"https:\/\/lashlink.de\/ru\/faq\/","name":"FAQ - Lashlink","isPartOf":{"@id":"https:\/\/lashlink.de\/ru\/#website"},"datePublished":"2019-09-04T10:49:16+00:00","dateModified":"2024-04-08T19:55:34+00:00","breadcrumb":{"@id":"https:\/\/lashlink.de\/ru\/faq\/#breadcrumb"},"inLanguage":"ru-RU","potentialAction":[{"@type":"ReadAction","target":["https:\/\/lashlink.de\/ru\/faq\/"]}]},{"@type":"BreadcrumbList","@id":"https:\/\/lashlink.de\/ru\/faq\/#breadcrumb","itemListElement":[{"@type":"ListItem","position":1,"name":"Home","item":"https:\/\/lashlink.de\/ru\/"},{"@type":"ListItem","position":2,"name":"FAQ"}]},{"@type":"WebSite","@id":"https:\/\/lashlink.de\/ru\/#website","url":"https:\/\/lashlink.de\/ru\/","name":"Lashlink","description":"","publisher":{"@id":"https:\/\/lashlink.de\/ru\/#organization"},"potentialAction":[{"@type":"SearchAction","target":{"@type":"EntryPoint","urlTemplate":"https:\/\/lashlink.de\/ru\/?s={search_term_string}"},"query-input":{"@type":"PropertyValueSpecification","valueRequired":true,"valueName":"search_term_string"}}],"inLanguage":"ru-RU"},{"@type":"Organization","@id":"https:\/\/lashlink.de\/ru\/#organization","name":"Lashlink","url":"https:\/\/lashlink.de\/ru\/","logo":{"@type":"ImageObject","inLanguage":"ru-RU","@id":"https:\/\/lashlink.de\/ru\/#\/schema\/logo\/image\/","url":"https:\/\/lashlink.de\/wp-content\/uploads\/2024\/02\/logo.png","contentUrl":"https:\/\/lashlink.de\/wp-content\/uploads\/2024\/02\/logo.png","width":884,"height":411,"caption":"Lashlink"},"image":{"@id":"https:\/\/lashlink.de\/ru\/#\/schema\/logo\/image\/"},"hasMerchantReturnPolicy":{"@type":"MerchantReturnPolicy","merchantReturnLink":"https:\/\/lashlink.de\/widerruf\/"}}]}},"_links":{"self":[{"href":"https:\/\/lashlink.de\/ru\/wp-json\/wp\/v2\/pages\/4251","targetHints":{"allow":["GET"]}}],"collection":[{"href":"https:\/\/lashlink.de\/ru\/wp-json\/wp\/v2\/pages"}],"about":[{"href":"https:\/\/lashlink.de\/ru\/wp-json\/wp\/v2\/types\/page"}],"author":[{"embeddable":true,"href":"https:\/\/lashlink.de\/ru\/wp-json\/wp\/v2\/users\/1"}],"replies":[{"embeddable":true,"href":"https:\/\/lashlink.de\/ru\/wp-json\/wp\/v2\/comments?post=4251"}],"version-history":[{"count":20,"href":"https:\/\/lashlink.de\/ru\/wp-json\/wp\/v2\/pages\/4251\/revisions"}],"predecessor-version":[{"id":5294,"href":"https:\/\/lashlink.de\/ru\/wp-json\/wp\/v2\/pages\/4251\/revisions\/5294"}],"wp:attachment":[{"href":"https:\/\/lashlink.de\/ru\/wp-json\/wp\/v2\/media?parent=4251"}],"curies":[{"name":"wp","href":"https:\/\/api.w.org\/{rel}","templated":true}]}}